{"id":208,"date":"2023-04-29T00:54:07","date_gmt":"2023-04-29T03:54:07","guid":{"rendered":"https:\/\/l5com.com.br\/3c\/?page_id=208"},"modified":"2023-04-29T01:26:54","modified_gmt":"2023-04-29T04:26:54","slug":"diversificacao","status":"publish","type":"page","link":"https:\/\/l5com.com.br\/3c\/diversificacao\/","title":{"rendered":"Diversifica\u00e7\u00e3o"},"content":{"rendered":"\n[et_pb_section fb_built=&#8221;1&#8243; admin_label=&#8221;projetos&#8221; module_id=&#8221;projetos&#8221; _builder_version=&#8221;4.20.4&#8243; _module_preset=&#8221;bad55c20-90bf-4c9a-8457-f4305a05f1a3&#8243; background_image=&#8221;https:\/\/l5com.com.br\/3c\/wp-content\/uploads\/sites\/2\/2023\/04\/miami_01_color-1.jpg&#8221; custom_margin=&#8221;0px||||false|false&#8221; custom_padding=&#8221;148px||156px||false|false&#8221; global_colors_info=&#8221;%91%93&#8243;][et_pb_row _builder_version=&#8221;4.19.1&#8243; _module_preset=&#8221;dab15ff4-ea1d-4a69-ba34-a4f80898dba1&#8243; min_height=&#8221;160.3px&#8221; global_colors_info=&#8221;%91%93&#8243;][et_pb_column type=&#8221;4_4&#8243; _builder_version=&#8221;4.19.1&#8243; _module_preset=&#8221;9c5d2251-5975-40dd-81b4-ffba1ce396a2&#8243; global_colors_info=&#8221;%91%93&#8243;][et_pb_text _builder_version=&#8221;4.19.1&#8243; _module_preset=&#8221;default&#8221; text_font=&#8221;|800|||||||&#8221; text_text_color=&#8221;#FFFFFF&#8221; text_font_size=&#8221;104px&#8221; text_line_height=&#8221;1.8em&#8221; text_orientation=&#8221;center&#8221; custom_margin=&#8221;21px||0px||false|false&#8221; custom_padding=&#8221;||0px||false|false&#8221; text_text_shadow_style=&#8221;preset2&#8243; global_colors_info=&#8221;{}&#8221;]<p>PROJETOS<\/p>[\/et_pb_text][\/et_pb_column][\/et_pb_row][\/et_pb_section][et_pb_section fb_built=&#8221;1&#8243; admin_label=&#8221;outrosprojetos&#8221; module_id=&#8221;outrosprojetos&#8221; _builder_version=&#8221;4.19.1&#8243; _module_preset=&#8221;default&#8221; background_color=&#8221;#54c5cf&#8221; custom_padding=&#8221;60px||60px||false|false&#8221; global_colors_info=&#8221;{}&#8221;][et_pb_row _builder_version=&#8221;4.19.1&#8243; _module_preset=&#8221;default&#8221; global_colors_info=&#8221;{}&#8221;][et_pb_column type=&#8221;4_4&#8243; _builder_version=&#8221;4.19.1&#8243; _module_preset=&#8221;default&#8221; global_colors_info=&#8221;{}&#8221;][et_pb_text _builder_version=&#8221;4.19.1&#8243; _module_preset=&#8221;default&#8221; text_font=&#8221;|600|||||||&#8221; text_text_color=&#8221;#231f20&#8243; text_font_size=&#8221;78px&#8221; text_line_height=&#8221;1.8em&#8221; text_orientation=&#8221;center&#8221; custom_margin=&#8221;||0px||false|false&#8221; global_colors_info=&#8221;{}&#8221;]<p>OUTROS<\/p>[\/et_pb_text][et_pb_text _builder_version=&#8221;4.19.1&#8243; _module_preset=&#8221;default&#8221; text_font=&#8221;|800|||||||&#8221; text_text_color=&#8221;#231f20&#8243; text_font_size=&#8221;90px&#8221; text_line_height=&#8221;1.8em&#8221; text_orientation=&#8221;center&#8221; custom_margin=&#8221;0px||0px||false|false&#8221; custom_padding=&#8221;0px|||0px|false|false&#8221; global_colors_info=&#8221;{}&#8221;]<p>NEG\u00d3CIOS<\/p>[\/et_pb_text][et_pb_text _builder_version=&#8221;4.19.1&#8243; _module_preset=&#8221;default&#8221; text_font=&#8221;|700|||||||&#8221; text_text_color=&#8221;#231f20&#8243; text_font_size=&#8221;44px&#8221; text_line_height=&#8221;1.8em&#8221; text_orientation=&#8221;center&#8221; custom_margin=&#8221;0px||||false|false&#8221; custom_padding=&#8221;0px||0px|110px|false|false&#8221; global_colors_info=&#8221;{}&#8221;]<p>DIVERSIFICA\u00c7\u00c3O<\/p>[\/et_pb_text][\/et_pb_column][\/et_pb_row][\/et_pb_section][et_pb_section fb_built=&#8221;1&#8243; admin_label=&#8221;khaya Woods&#8221; module_id=&#8221;khaya&#8221; _builder_version=&#8221;4.19.1&#8243; _module_preset=&#8221;7f5aef18-92d1-4200-aa62-f8409f663e63&#8243; background_color=&#8221;#FFFFFF&#8221; global_colors_info=&#8221;{}&#8221;][et_pb_row column_structure=&#8221;1_2,1_2&#8243; _builder_version=&#8221;4.19.1&#8243; _module_preset=&#8221;6ecdb64d-236f-4f79-b919-edabea7d33ab&#8221; background_color=&#8221;#FFFFFF&#8221; global_colors_info=&#8221;{}&#8221;][et_pb_column type=&#8221;1_2&#8243; _builder_version=&#8221;4.19.1&#8243; _module_preset=&#8221;default&#8221; global_colors_info=&#8221;{}&#8221;][et_pb_image src=&#8221;https:\/\/l5com.com.br\/3c\/wp-content\/uploads\/sites\/2\/2023\/04\/outros-negocios-khaya-woods1-1.png&#8221; title_text=&#8221;outros neg\u00f3cios khaya woods1&#8243; show_bottom_space=&#8221;off&#8221; align=&#8221;right&#8221; _builder_version=&#8221;4.19.1&#8243; _module_preset=&#8221;ea8843ae-8599-4c74-8cd5-49dcaf48841b&#8221; transform_scale=&#8221;104%|104%&#8221; global_colors_info=&#8221;{}&#8221;][\/et_pb_image][\/et_pb_column][et_pb_column type=&#8221;1_2&#8243; _builder_version=&#8221;4.19.1&#8243; _module_preset=&#8221;default&#8221; global_colors_info=&#8221;{}&#8221;][et_pb_text _builder_version=&#8221;4.19.1&#8243; _module_preset=&#8221;default&#8221; text_font=&#8221;Fira Sans|800|||||||&#8221; text_font_size=&#8221;65px&#8221; text_letter_spacing=&#8221;3px&#8221; custom_margin=&#8221;70px||||false|false&#8221; global_colors_info=&#8221;{}&#8221;]<p style=\"text-align: center;\"><span style=\"color: #333333;\">KHAYA<\/span><\/p>\n<p style=\"text-align: center;\"><span style=\"color: #999999;\">WOODS<\/span><\/p>[\/et_pb_text][\/et_pb_column][\/et_pb_row][et_pb_row _builder_version=&#8221;4.19.1&#8243; _module_preset=&#8221;6ecdb64d-236f-4f79-b919-edabea7d33ab&#8221; background_color=&#8221;#FFFFFF&#8221; global_colors_info=&#8221;{}&#8221;][et_pb_column type=&#8221;4_4&#8243; _builder_version=&#8221;4.19.1&#8243; _module_preset=&#8221;default&#8221; global_colors_info=&#8221;{}&#8221;][et_pb_text _builder_version=&#8221;4.19.1&#8243; _module_preset=&#8221;default&#8221; text_font=&#8221;||||||||&#8221; text_font_size=&#8221;15px&#8221; background_color=&#8221;#FFFFFF&#8221; global_colors_info=&#8221;{}&#8221;]<p>A caminhada do grupo Khaya Woods come\u00e7ou em 2008, quando empres\u00e1rios se uniram para investir em um projeto rent\u00e1vel, sustent\u00e1vel e compat\u00edvel com as melhores pr\u00e1ticas ambientais do s\u00e9culo XXI.<\/p>\n<p>Desde ent\u00e3o, a empresa vem transformando pastos em florestas, preservando o meio ambiente e contribuindo para a redu\u00e7\u00e3o do desmatamento de florestas nativas.<\/p>\n<p>\u00c9 uma empresa em linha com os princ\u00edpios de aten\u00e7\u00e3o com o meio ambiente, sustentabilidade de suas opera\u00e7\u00f5es e ado\u00e7\u00e3o de consistentes procedimentos de governan\u00e7a corporativa, gerando impactos positivos no meio ambiente e na comunidade.<\/p>\n<p>Ap\u00f3s o sucesso da primeira capta\u00e7\u00e3o para uma de suas fazendas, a Meta Agropecu\u00e1ria, agora Grupo Khaya Woods, abre sua 2\u00aa oferta para investidores atrav\u00e9s de crowdfunding, a Meta Florestas, a maior e mais produtiva fazenda do grupo.<\/p>[\/et_pb_text][\/et_pb_column][\/et_pb_row][\/et_pb_section][et_pb_section fb_built=&#8221;1&#8243; admin_label=&#8221;accretion&#8221; module_id=&#8221;khaya&#8221; _builder_version=&#8221;4.19.1&#8243; _module_preset=&#8221;31c12b3d-19ba-448e-9f03-db959e4e8b40&#8243; background_color=&#8221;#FFFFFF&#8221; global_colors_info=&#8221;{}&#8221;][et_pb_row column_structure=&#8221;1_2,1_2&#8243; _builder_version=&#8221;4.19.1&#8243; _module_preset=&#8221;f42f0f05-6579-46b2-9b36-8ef02f9d8c3b&#8221; background_color=&#8221;#FFFFFF&#8221; global_colors_info=&#8221;{}&#8221;][et_pb_column type=&#8221;1_2&#8243; _builder_version=&#8221;4.19.1&#8243; _module_preset=&#8221;default&#8221; global_colors_info=&#8221;{}&#8221;][et_pb_text _builder_version=&#8221;4.19.1&#8243; _module_preset=&#8221;default&#8221; text_font=&#8221;Fira Sans|800|||||||&#8221; text_font_size=&#8221;65px&#8221; text_letter_spacing=&#8221;1px&#8221; custom_margin=&#8221;100px||||false|false&#8221; global_colors_info=&#8221;{}&#8221;]<p style=\"text-align: center;\"><span style=\"color: #333333;\">ACCRETION<\/span><\/p>\n<p style=\"text-align: center;\"><span style=\"color: #999999;\">CAPITAL<\/span><\/p>[\/et_pb_text][\/et_pb_column][et_pb_column type=&#8221;1_2&#8243; _builder_version=&#8221;4.19.1&#8243; _module_preset=&#8221;default&#8221; global_colors_info=&#8221;{}&#8221;][et_pb_image src=&#8221;https:\/\/l5com.com.br\/3c\/wp-content\/uploads\/sites\/2\/2023\/04\/outros-negocios-khaya-woods1-1.png&#8221; title_text=&#8221;outros neg\u00f3cios khaya woods1&#8243; show_bottom_space=&#8221;off&#8221; align=&#8221;right&#8221; _builder_version=&#8221;4.19.1&#8243; _module_preset=&#8221;401b52f8-3f4c-4799-8a50-d4be6a39e0e6&#8243; transform_scale=&#8221;104%|104%&#8221; custom_margin=&#8221;31px|||||&#8221; hover_transition_duration=&#8221;0ms&#8221; global_colors_info=&#8221;{}&#8221;][\/et_pb_image][\/et_pb_column][\/et_pb_row][et_pb_row _builder_version=&#8221;4.19.1&#8243; _module_preset=&#8221;f42f0f05-6579-46b2-9b36-8ef02f9d8c3b&#8221; background_color=&#8221;#FFFFFF&#8221; global_colors_info=&#8221;{}&#8221;][et_pb_column type=&#8221;4_4&#8243; _builder_version=&#8221;4.19.1&#8243; _module_preset=&#8221;default&#8221; global_colors_info=&#8221;{}&#8221;][et_pb_text _builder_version=&#8221;4.19.1&#8243; _module_preset=&#8221;default&#8221; text_font=&#8221;||||||||&#8221; text_font_size=&#8221;15px&#8221; background_color=&#8221;#FFFFFF&#8221; global_colors_info=&#8221;{}&#8221;]<p>A caminhada do grupo Khaya Woods come\u00e7ou em 2008, quando empres\u00e1rios se uniram para investir em um projeto rent\u00e1vel, sustent\u00e1vel e compat\u00edvel com as melhores pr\u00e1ticas ambientais do s\u00e9culo XXI.<\/p>\n<p>Desde ent\u00e3o, a empresa vem transformando pastos em florestas, preservando o meio ambiente e contribuindo para a redu\u00e7\u00e3o do desmatamento de florestas nativas.<\/p>\n<p>\u00c9 uma empresa em linha com os princ\u00edpios de aten\u00e7\u00e3o com o meio ambiente, sustentabilidade de suas opera\u00e7\u00f5es e ado\u00e7\u00e3o de consistentes procedimentos de governan\u00e7a corporativa, gerando impactos positivos no meio ambiente e na comunidade.<\/p>\n<p>Ap\u00f3s o sucesso da primeira capta\u00e7\u00e3o para uma de suas fazendas, a Meta Agropecu\u00e1ria, agora Grupo Khaya Woods, abre sua 2\u00aa oferta para investidores atrav\u00e9s de crowdfunding, a Meta Florestas, a maior e mais produtiva fazenda do grupo.<\/p>[\/et_pb_text][et_pb_button button_text=&#8221;Conhe\u00e7a o projeto&#8221; _builder_version=&#8221;4.19.1&#8243; _module_preset=&#8221;default&#8221; custom_button=&#8221;on&#8221; button_text_size=&#8221;16px&#8221; button_text_color=&#8221;#FFFFFF&#8221; button_bg_color=&#8221;#e86a1f&#8221; button_border_radius=&#8221;19px&#8221; button_font=&#8221;|700|||||||&#8221; button_use_icon=&#8221;off&#8221; custom_margin=&#8221;0px||||false|false&#8221; custom_padding=&#8221;||2px||false|false&#8221; global_colors_info=&#8221;{}&#8221;][\/et_pb_button][\/et_pb_column][\/et_pb_row][\/et_pb_section]\n","protected":false},"excerpt":{"rendered":"<p>PROJETOSOUTROSNEG\u00d3CIOSDIVERSIFICA\u00c7\u00c3OKHAYA WOODSA caminhada do grupo Khaya Woods come\u00e7ou em 2008, quando empres\u00e1rios se uniram para investir em um projeto rent\u00e1vel, sustent\u00e1vel e compat\u00edvel com as melhores pr\u00e1ticas ambientais do s\u00e9culo XXI. Desde ent\u00e3o, a empresa vem transformando pastos em florestas, preservando o meio ambiente e contribuindo para a redu\u00e7\u00e3o do desmatamento de florestas nativas. \u00c9 [&hellip;]<\/p>\n","protected":false},"author":1,"featured_media":0,"parent":0,"menu_order":0,"comment_status":"closed","ping_status":"closed","template":"","meta":{"_et_pb_use_builder":"on","_et_pb_old_content":"","_et_gb_content_width":"","footnotes":""},"class_list":["post-208","page","type-page","status-publish","hentry"],"yoast_head":"<!-- This site is optimized with the Yoast SEO plugin v27.5 - https:\/\/yoast.com\/product\/yoast-seo-wordpress\/ -->\n<title>Diversifica\u00e7\u00e3o - 3C Investimentos<\/title>\n<meta name=\"robots\" content=\"index, follow, max-snippet:-1, max-image-preview:large, max-video-preview:-1\" \/>\n<link rel=\"canonical\" href=\"https:\/\/l5com.com.br\/3c\/diversificacao\/\" \/>\n<meta property=\"og:locale\" content=\"pt_BR\" \/>\n<meta property=\"og:type\" content=\"article\" \/>\n<meta property=\"og:title\" content=\"Diversifica\u00e7\u00e3o - 3C Investimentos\" \/>\n<meta property=\"og:description\" content=\"PROJETOSOUTROSNEG\u00d3CIOSDIVERSIFICA\u00c7\u00c3OKHAYA WOODSA caminhada do grupo Khaya Woods come\u00e7ou em 2008, quando empres\u00e1rios se uniram para investir em um projeto rent\u00e1vel, sustent\u00e1vel e compat\u00edvel com as melhores pr\u00e1ticas ambientais do s\u00e9culo XXI. Desde ent\u00e3o, a empresa vem transformando pastos em florestas, preservando o meio ambiente e contribuindo para a redu\u00e7\u00e3o do desmatamento de florestas nativas. \u00c9 [&hellip;]\" \/>\n<meta property=\"og:url\" content=\"https:\/\/l5com.com.br\/3c\/diversificacao\/\" \/>\n<meta property=\"og:site_name\" content=\"3C Investimentos\" \/>\n<meta property=\"article:modified_time\" content=\"2023-04-29T04:26:54+00:00\" \/>\n<meta name=\"twitter:card\" content=\"summary_large_image\" \/>\n<meta name=\"twitter:label1\" content=\"Est. tempo de leitura\" \/>\n\t<meta name=\"twitter:data1\" content=\"6 minutos\" \/>\n<script type=\"application\/ld+json\" class=\"yoast-schema-graph\">{\"@context\":\"https:\\\/\\\/schema.org\",\"@graph\":[{\"@type\":\"WebPage\",\"@id\":\"https:\\\/\\\/l5com.com.br\\\/3c\\\/diversificacao\\\/\",\"url\":\"https:\\\/\\\/l5com.com.br\\\/3c\\\/diversificacao\\\/\",\"name\":\"Diversifica\u00e7\u00e3o - 3C Investimentos\",\"isPartOf\":{\"@id\":\"https:\\\/\\\/l5com.com.br\\\/3c\\\/#website\"},\"datePublished\":\"2023-04-29T03:54:07+00:00\",\"dateModified\":\"2023-04-29T04:26:54+00:00\",\"breadcrumb\":{\"@id\":\"https:\\\/\\\/l5com.com.br\\\/3c\\\/diversificacao\\\/#breadcrumb\"},\"inLanguage\":\"pt-BR\",\"potentialAction\":[{\"@type\":\"ReadAction\",\"target\":[\"https:\\\/\\\/l5com.com.br\\\/3c\\\/diversificacao\\\/\"]}]},{\"@type\":\"BreadcrumbList\",\"@id\":\"https:\\\/\\\/l5com.com.br\\\/3c\\\/diversificacao\\\/#breadcrumb\",\"itemListElement\":[{\"@type\":\"ListItem\",\"position\":1,\"name\":\"Home\",\"item\":\"https:\\\/\\\/l5com.com.br\\\/3c\\\/\"},{\"@type\":\"ListItem\",\"position\":2,\"name\":\"Diversifica\u00e7\u00e3o\"}]},{\"@type\":\"WebSite\",\"@id\":\"https:\\\/\\\/l5com.com.br\\\/3c\\\/#website\",\"url\":\"https:\\\/\\\/l5com.com.br\\\/3c\\\/\",\"name\":\"3C Investimentos\",\"description\":\"\",\"potentialAction\":[{\"@type\":\"SearchAction\",\"target\":{\"@type\":\"EntryPoint\",\"urlTemplate\":\"https:\\\/\\\/l5com.com.br\\\/3c\\\/?s={search_term_string}\"},\"query-input\":{\"@type\":\"PropertyValueSpecification\",\"valueRequired\":true,\"valueName\":\"search_term_string\"}}],\"inLanguage\":\"pt-BR\"}]}<\/script>\n<!-- \/ Yoast SEO plugin. -->","yoast_head_json":{"title":"Diversifica\u00e7\u00e3o - 3C Investimentos","robots":{"index":"index","follow":"follow","max-snippet":"max-snippet:-1","max-image-preview":"max-image-preview:large","max-video-preview":"max-video-preview:-1"},"canonical":"https:\/\/l5com.com.br\/3c\/diversificacao\/","og_locale":"pt_BR","og_type":"article","og_title":"Diversifica\u00e7\u00e3o - 3C Investimentos","og_description":"PROJETOSOUTROSNEG\u00d3CIOSDIVERSIFICA\u00c7\u00c3OKHAYA WOODSA caminhada do grupo Khaya Woods come\u00e7ou em 2008, quando empres\u00e1rios se uniram para investir em um projeto rent\u00e1vel, sustent\u00e1vel e compat\u00edvel com as melhores pr\u00e1ticas ambientais do s\u00e9culo XXI. Desde ent\u00e3o, a empresa vem transformando pastos em florestas, preservando o meio ambiente e contribuindo para a redu\u00e7\u00e3o do desmatamento de florestas nativas. \u00c9 [&hellip;]","og_url":"https:\/\/l5com.com.br\/3c\/diversificacao\/","og_site_name":"3C Investimentos","article_modified_time":"2023-04-29T04:26:54+00:00","twitter_card":"summary_large_image","twitter_misc":{"Est. tempo de leitura":"6 minutos"},"schema":{"@context":"https:\/\/schema.org","@graph":[{"@type":"WebPage","@id":"https:\/\/l5com.com.br\/3c\/diversificacao\/","url":"https:\/\/l5com.com.br\/3c\/diversificacao\/","name":"Diversifica\u00e7\u00e3o - 3C Investimentos","isPartOf":{"@id":"https:\/\/l5com.com.br\/3c\/#website"},"datePublished":"2023-04-29T03:54:07+00:00","dateModified":"2023-04-29T04:26:54+00:00","breadcrumb":{"@id":"https:\/\/l5com.com.br\/3c\/diversificacao\/#breadcrumb"},"inLanguage":"pt-BR","potentialAction":[{"@type":"ReadAction","target":["https:\/\/l5com.com.br\/3c\/diversificacao\/"]}]},{"@type":"BreadcrumbList","@id":"https:\/\/l5com.com.br\/3c\/diversificacao\/#breadcrumb","itemListElement":[{"@type":"ListItem","position":1,"name":"Home","item":"https:\/\/l5com.com.br\/3c\/"},{"@type":"ListItem","position":2,"name":"Diversifica\u00e7\u00e3o"}]},{"@type":"WebSite","@id":"https:\/\/l5com.com.br\/3c\/#website","url":"https:\/\/l5com.com.br\/3c\/","name":"3C Investimentos","description":"","potentialAction":[{"@type":"SearchAction","target":{"@type":"EntryPoint","urlTemplate":"https:\/\/l5com.com.br\/3c\/?s={search_term_string}"},"query-input":{"@type":"PropertyValueSpecification","valueRequired":true,"valueName":"search_term_string"}}],"inLanguage":"pt-BR"}]}},"_links":{"self":[{"href":"https:\/\/l5com.com.br\/3c\/wp-json\/wp\/v2\/pages\/208","targetHints":{"allow":["GET"]}}],"collection":[{"href":"https:\/\/l5com.com.br\/3c\/wp-json\/wp\/v2\/pages"}],"about":[{"href":"https:\/\/l5com.com.br\/3c\/wp-json\/wp\/v2\/types\/page"}],"author":[{"embeddable":true,"href":"https:\/\/l5com.com.br\/3c\/wp-json\/wp\/v2\/users\/1"}],"replies":[{"embeddable":true,"href":"https:\/\/l5com.com.br\/3c\/wp-json\/wp\/v2\/comments?post=208"}],"version-history":[{"count":5,"href":"https:\/\/l5com.com.br\/3c\/wp-json\/wp\/v2\/pages\/208\/revisions"}],"predecessor-version":[{"id":238,"href":"https:\/\/l5com.com.br\/3c\/wp-json\/wp\/v2\/pages\/208\/revisions\/238"}],"wp:attachment":[{"href":"https:\/\/l5com.com.br\/3c\/wp-json\/wp\/v2\/media?parent=208"}],"curies":[{"name":"wp","href":"https:\/\/api.w.org\/{rel}","templated":true}]}}