{"id":207,"date":"2023-06-29T21:47:58","date_gmt":"2023-06-30T00:47:58","guid":{"rendered":"https:\/\/l5com.com.br\/gpa\/?page_id=207"},"modified":"2023-07-16T12:53:24","modified_gmt":"2023-07-16T15:53:24","slug":"contato-2","status":"publish","type":"page","link":"https:\/\/l5com.com.br\/gpa\/contato-2\/","title":{"rendered":"CONTATO"},"content":{"rendered":"<p>[et_pb_section fb_built=&#8221;1&#8243; _builder_version=&#8221;4.20.4&#8243; _module_preset=&#8221;default&#8221; background_color=&#8221;#f7eedd&#8221; custom_margin=&#8221;0px||||false|false&#8221; custom_padding=&#8221;0px|0px|0px|0px|false|false&#8221; global_colors_info=&#8221;{}&#8221;][et_pb_row _builder_version=&#8221;4.20.4&#8243; _module_preset=&#8221;default&#8221; background_color=&#8221;#f7eedd&#8221; custom_padding=&#8221;15px||15px||true|false&#8221; link_option_url=&#8221;https:\/\/l5com.com.br\/gpa\/&#8221; sticky_position=&#8221;top&#8221; global_colors_info=&#8221;{}&#8221;][et_pb_column type=&#8221;4_4&#8243; _builder_version=&#8221;4.20.4&#8243; _module_preset=&#8221;default&#8221; global_colors_info=&#8221;{}&#8221;][et_pb_menu active_link_color=&#8221;#dc8425&#8243; logo=&#8221;https:\/\/l5com.com.br\/gpa\/wp-content\/uploads\/sites\/8\/2023\/07\/logo-cabecalho-90.png&#8221; logo_url=&#8221;https:\/\/l5com.com.br\/gpa\/&#8221; _builder_version=&#8221;4.20.4&#8243; _module_preset=&#8221;default&#8221; menu_font=&#8221;Roboto Condensed|700|||||||&#8221; menu_text_color=&#8221;rgba(0,0,0,0.76)&#8221; menu_font_size=&#8221;17px&#8221; background_color=&#8221;#f7eedd&#8221; custom_margin=&#8221;0px|||20px|false|false&#8221; custom_padding=&#8221;0px||0px|50px|true|false&#8221; global_colors_info=&#8221;{}&#8221;][\/et_pb_menu][\/et_pb_column][\/et_pb_row][\/et_pb_section][et_pb_section fb_built=&#8221;1&#8243; admin_label=&#8221;sobre&#8221; _builder_version=&#8221;4.20.4&#8243; background_color=&#8221;#faeedd&#8221; background_enable_image=&#8221;off&#8221; background_blend=&#8221;multiply&#8221; custom_margin=&#8221;-7px|||||&#8221; custom_padding=&#8221;46px|0|44px|||&#8221; global_colors_info=&#8221;{}&#8221;][et_pb_row _builder_version=&#8221;4.16&#8243; background_size=&#8221;initial&#8221; background_position=&#8221;top_left&#8221; background_repeat=&#8221;repeat&#8221; custom_padding=&#8221;||10px|||&#8221; global_colors_info=&#8221;{}&#8221;][et_pb_column type=&#8221;4_4&#8243; _builder_version=&#8221;4.16&#8243; custom_padding=&#8221;|||&#8221; global_colors_info=&#8221;{}&#8221; custom_padding__hover=&#8221;|||&#8221;][et_pb_text admin_label=&#8221;Title&#8221; _builder_version=&#8221;4.20.4&#8243; text_font=&#8221;Roboto Condensed|600|||||||&#8221; text_font_size=&#8221;15px&#8221; header_font=&#8221;Roboto Condensed|700|||||||&#8221; header_font_size=&#8221;65px&#8221; header_line_height=&#8221;1.2em&#8221; header_4_font=&#8221;Nunito|700||on|||||&#8221; header_4_text_color=&#8221;#bda392&#8243; header_4_letter_spacing=&#8221;2px&#8221; header_4_line_height=&#8221;1.8em&#8221; custom_margin=&#8221;||2px|0px|false|false&#8221; custom_padding=&#8221;|||0px|false|false&#8221; animation_style=&#8221;slide&#8221; animation_direction=&#8221;right&#8221; animation_intensity_slide=&#8221;5%&#8221; animation_starting_opacity=&#8221;100%&#8221; header_font_size_tablet=&#8221;40px&#8221; header_font_size_phone=&#8221;&#8221; header_font_size_last_edited=&#8221;on|tablet&#8221; global_colors_info=&#8221;{}&#8221;]<\/p>\n<h1>Contatos da <strong>GPA<\/strong><\/h1>\n<p>[\/et_pb_text][\/et_pb_column][\/et_pb_row][et_pb_row column_structure=&#8221;1_4,1_2,1_4&#8243; _builder_version=&#8221;4.20.4&#8243; _module_preset=&#8221;default&#8221; custom_margin=&#8221;-7px|auto||auto||&#8221; custom_padding=&#8221;8px|||||&#8221; global_colors_info=&#8221;{}&#8221;][et_pb_column type=&#8221;1_4&#8243; _builder_version=&#8221;4.20.4&#8243; _module_preset=&#8221;default&#8221; global_colors_info=&#8221;{}&#8221;][et_pb_button button_url=&#8221;https:\/\/www.google.com.br\/maps\/place\/GPA+-+Penitenci%C3%A1ria+P%C3%BAblico+Privada\/@-19.7349801,-44.1267087,17z\/data=!3m1!4b1!4m6!3m5!1s0xa6f284e37cf871:0x26a17dd1d2a735c8!8m2!3d-19.7349852!4d-44.1241338!16s%2Fg%2F11b6_jw27k?entry=ttu&#8221; url_new_window=&#8221;on&#8221; button_text=&#8221;LOCALIZA\u00c7\u00c3O&#8221; button_alignment=&#8221;right&#8221; _builder_version=&#8221;4.20.4&#8243; custom_button=&#8221;on&#8221; button_text_size=&#8221;18px&#8221; button_text_color=&#8221;#ffffff&#8221; button_bg_color=&#8221;#dd5e2c&#8221; button_border_width=&#8221;2px&#8221; button_border_color=&#8221;#dd5e2c&#8221; button_border_radius=&#8221;9px&#8221; button_letter_spacing=&#8221;2px&#8221; button_font=&#8221;Roboto Condensed|700||on|||||&#8221; custom_margin=&#8221;30px|||0px|false|false&#8221; custom_margin_tablet=&#8221;|||&#8221; custom_margin_phone=&#8221;&#8221; custom_margin_last_edited=&#8221;on|tablet&#8221; custom_padding=&#8221;20px|48px|20px|48px|true|true&#8221; animation_style=&#8221;slide&#8221; animation_direction=&#8221;right&#8221; animation_intensity_slide=&#8221;5%&#8221; animation_starting_opacity=&#8221;100%&#8221; hover_enabled=&#8221;0&#8243; box_shadow_style=&#8221;preset1&#8243; box_shadow_spread=&#8221;1px&#8221; box_shadow_color=&#8221;rgba(148,166,191,0.25)&#8221; locked=&#8221;off&#8221; global_colors_info=&#8221;{}&#8221; button_text_size__hover_enabled=&#8221;off&#8221; button_one_text_size__hover_enabled=&#8221;off&#8221; button_two_text_size__hover_enabled=&#8221;off&#8221; button_text_color__hover_enabled=&#8221;off&#8221; button_one_text_color__hover_enabled=&#8221;off&#8221; button_two_text_color__hover_enabled=&#8221;off&#8221; button_border_width__hover_enabled=&#8221;off&#8221; button_one_border_width__hover_enabled=&#8221;off&#8221; button_two_border_width__hover_enabled=&#8221;off&#8221; button_border_color__hover_enabled=&#8221;off&#8221; button_one_border_color__hover_enabled=&#8221;off&#8221; button_two_border_color__hover_enabled=&#8221;off&#8221; button_border_radius__hover_enabled=&#8221;off&#8221; button_one_border_radius__hover_enabled=&#8221;off&#8221; button_two_border_radius__hover_enabled=&#8221;off&#8221; button_letter_spacing__hover_enabled=&#8221;off&#8221; button_one_letter_spacing__hover_enabled=&#8221;off&#8221; button_two_letter_spacing__hover_enabled=&#8221;off&#8221; button_bg_color__hover_enabled=&#8221;off&#8221; button_one_bg_color__hover_enabled=&#8221;off&#8221; button_two_bg_color__hover_enabled=&#8221;off&#8221; sticky_enabled=&#8221;0&#8243; button_icon=&#8221;&#x35;||divi||400&#8243; button_icon_color=&#8221;#ffffff&#8221;][\/et_pb_button][et_pb_button button_text=&#8221;ATENDIMENTO A FAM\u00cdLIA&#8221; button_alignment=&#8221;center&#8221; _builder_version=&#8221;4.20.4&#8243; custom_button=&#8221;on&#8221; button_text_size=&#8221;18px&#8221; button_text_color=&#8221;#ffffff&#8221; button_bg_color=&#8221;#dd5e2c&#8221; button_border_width=&#8221;0px&#8221; button_border_color=&#8221;#dd5e2c&#8221; button_border_radius=&#8221;9px&#8221; button_letter_spacing=&#8221;2px&#8221; button_font=&#8221;Roboto Condensed|700||on|||||&#8221; button_use_icon=&#8221;off&#8221; custom_margin=&#8221;30px|||0px|false|false&#8221; custom_margin_tablet=&#8221;|||&#8221; custom_margin_phone=&#8221;&#8221; custom_margin_last_edited=&#8221;on|tablet&#8221; custom_padding=&#8221;6px|0px|6px|0px|true|true&#8221; animation_style=&#8221;slide&#8221; animation_direction=&#8221;right&#8221; animation_intensity_slide=&#8221;5%&#8221; animation_starting_opacity=&#8221;100%&#8221; hover_enabled=&#8221;0&#8243; box_shadow_style=&#8221;preset1&#8243; box_shadow_color=&#8221;rgba(148,166,191,0.25)&#8221; locked=&#8221;off&#8221; global_colors_info=&#8221;{}&#8221; button_text_size__hover_enabled=&#8221;off&#8221; button_one_text_size__hover_enabled=&#8221;off&#8221; button_two_text_size__hover_enabled=&#8221;off&#8221; button_text_color__hover_enabled=&#8221;off&#8221; button_one_text_color__hover_enabled=&#8221;off&#8221; button_two_text_color__hover_enabled=&#8221;off&#8221; button_border_width__hover_enabled=&#8221;off&#8221; button_one_border_width__hover_enabled=&#8221;off&#8221; button_two_border_width__hover_enabled=&#8221;off&#8221; button_border_color__hover_enabled=&#8221;off&#8221; button_one_border_color__hover_enabled=&#8221;off&#8221; button_two_border_color__hover_enabled=&#8221;off&#8221; button_border_radius__hover_enabled=&#8221;off&#8221; button_one_border_radius__hover_enabled=&#8221;off&#8221; button_two_border_radius__hover_enabled=&#8221;off&#8221; button_letter_spacing__hover_enabled=&#8221;off&#8221; button_one_letter_spacing__hover_enabled=&#8221;off&#8221; button_two_letter_spacing__hover_enabled=&#8221;off&#8221; button_bg_color__hover_enabled=&#8221;off&#8221; button_one_bg_color__hover_enabled=&#8221;off&#8221; button_two_bg_color__hover_enabled=&#8221;off&#8221; button_url=&#8221;mailto:atendimentosocial@gpamg.com.br&#8221; sticky_enabled=&#8221;0&#8243;][\/et_pb_button][et_pb_button button_url=&#8221;https:\/\/vagasgpappp.gupy.io\/&#8221; url_new_window=&#8221;on&#8221; button_text=&#8221;TRABALHE NA GPA&#8221; button_alignment=&#8221;center&#8221; _builder_version=&#8221;4.20.4&#8243; custom_button=&#8221;on&#8221; button_text_size=&#8221;18px&#8221; button_text_color=&#8221;#ffffff&#8221; button_bg_color=&#8221;#16a6b5&#8243; button_border_width=&#8221;14px&#8221; button_border_color=&#8221;#16a6b5&#8243; button_border_radius=&#8221;9px&#8221; button_letter_spacing=&#8221;1px&#8221; button_font=&#8221;Roboto Condensed|700||on|||||&#8221; custom_margin=&#8221;30px|||&#8221; custom_margin_tablet=&#8221;|||&#8221; custom_margin_phone=&#8221;&#8221; custom_margin_last_edited=&#8221;on|tablet&#8221; custom_padding=&#8221;8px|20px|8px|20px|true|true&#8221; animation_style=&#8221;slide&#8221; animation_direction=&#8221;right&#8221; animation_intensity_slide=&#8221;5%&#8221; animation_starting_opacity=&#8221;100%&#8221; box_shadow_style=&#8221;preset2&#8243; box_shadow_horizontal=&#8221;0px&#8221; box_shadow_vertical=&#8221;25px&#8221; box_shadow_blur=&#8221;45px&#8221; box_shadow_color=&#8221;rgba(148,166,191,0.25)&#8221; locked=&#8221;off&#8221; global_colors_info=&#8221;{}&#8221; button_text_size__hover_enabled=&#8221;off&#8221; button_one_text_size__hover_enabled=&#8221;off&#8221; button_two_text_size__hover_enabled=&#8221;off&#8221; button_text_color__hover_enabled=&#8221;off&#8221; button_one_text_color__hover_enabled=&#8221;off&#8221; button_two_text_color__hover_enabled=&#8221;off&#8221; button_border_width__hover_enabled=&#8221;off&#8221; button_one_border_width__hover_enabled=&#8221;off&#8221; button_two_border_width__hover_enabled=&#8221;off&#8221; button_border_color__hover_enabled=&#8221;off&#8221; button_one_border_color__hover_enabled=&#8221;off&#8221; button_two_border_color__hover_enabled=&#8221;off&#8221; button_border_radius__hover_enabled=&#8221;off&#8221; button_one_border_radius__hover_enabled=&#8221;off&#8221; button_two_border_radius__hover_enabled=&#8221;off&#8221; button_letter_spacing__hover_enabled=&#8221;off&#8221; button_one_letter_spacing__hover_enabled=&#8221;off&#8221; button_two_letter_spacing__hover_enabled=&#8221;off&#8221; button_bg_color__hover_enabled=&#8221;off&#8221; button_one_bg_color__hover_enabled=&#8221;off&#8221; button_two_bg_color__hover_enabled=&#8221;off&#8221;][\/et_pb_button][\/et_pb_column][et_pb_column type=&#8221;1_2&#8243; _builder_version=&#8221;4.20.4&#8243; _module_preset=&#8221;default&#8221; global_colors_info=&#8221;{}&#8221;][et_pb_text _builder_version=&#8221;4.20.4&#8243; _module_preset=&#8221;default&#8221; text_font=&#8221;Roboto Condensed|700|||||||&#8221; text_font_size=&#8221;20px&#8221; text_line_height=&#8221;0.5em&#8221; custom_margin=&#8221;30px||||false|false&#8221; custom_padding=&#8221;20px||||false|false&#8221; global_colors_info=&#8221;{}&#8221;]<\/p>\n<p>Rodovia para Bras\u00edlia, 109<\/p>\n<p>Ribeir\u00e3o das Neves, MG, Brasil<\/p>\n<p>[\/et_pb_text][et_pb_text _builder_version=&#8221;4.20.4&#8243; _module_preset=&#8221;default&#8221; text_font=&#8221;Roboto Condensed|700|||||||&#8221; text_font_size=&#8221;20px&#8221; text_line_height=&#8221;0.5em&#8221; custom_margin=&#8221;34px||||false|false&#8221; custom_padding=&#8221;20px||||false|false&#8221; global_colors_info=&#8221;{}&#8221;]<\/p>\n<p>31 3117-5050<\/p>\n<p>atendimentosocial@gpamg.com.br<\/p>\n<p>[\/et_pb_text][et_pb_text _builder_version=&#8221;4.20.4&#8243; _module_preset=&#8221;default&#8221; text_font=&#8221;Roboto Condensed|700|||||||&#8221; text_font_size=&#8221;20px&#8221; text_line_height=&#8221;0.5em&#8221; custom_margin=&#8221;34px||||false|false&#8221; custom_padding=&#8221;44px||||false|false&#8221; global_colors_info=&#8221;{}&#8221;]<\/p>\n<p>clique e conhe\u00e7a as oportunidades<\/p>\n<p>[\/et_pb_text][\/et_pb_column][et_pb_column type=&#8221;1_4&#8243; _builder_version=&#8221;4.20.4&#8243; _module_preset=&#8221;default&#8221; global_colors_info=&#8221;{}&#8221;][\/et_pb_column][\/et_pb_row][\/et_pb_section][et_pb_section fb_built=&#8221;1&#8243; _builder_version=&#8221;4.20.4&#8243; _module_preset=&#8221;default&#8221; background_color=&#8221;#f7eedd&#8221; custom_padding=&#8221;0px||0px||false|false&#8221; global_colors_info=&#8221;{}&#8221;][et_pb_row column_structure=&#8221;1_4,1_4,1_4,1_4&#8243; _builder_version=&#8221;4.20.4&#8243; _module_preset=&#8221;default&#8221; global_colors_info=&#8221;{}&#8221;][et_pb_column type=&#8221;1_4&#8243; _builder_version=&#8221;4.20.4&#8243; _module_preset=&#8221;default&#8221; global_colors_info=&#8221;{}&#8221;][et_pb_image src=&#8221;https:\/\/l5com.com.br\/gpa\/wp-content\/uploads\/sites\/8\/2023\/07\/novo_slogan_gpa_2023-120.png&#8221; title_text=&#8221;novo_slogan_gpa_2023-120&#8243; url=&#8221;https:\/\/l5com.com.br\/gpa\/&#8221; _builder_version=&#8221;4.20.4&#8243; _module_preset=&#8221;default&#8221; global_colors_info=&#8221;{}&#8221;][\/et_pb_image][\/et_pb_column][et_pb_column type=&#8221;1_4&#8243; _builder_version=&#8221;4.20.4&#8243; _module_preset=&#8221;default&#8221; global_colors_info=&#8221;{}&#8221;][et_pb_text _builder_version=&#8221;4.20.4&#8243; _module_preset=&#8221;default&#8221; global_colors_info=&#8221;{}&#8221;]<\/p>\n<p><strong>CONTE\u00daDO<\/strong><br \/>O que fazemos<br \/>Compliance<br \/>Informa\u00e7\u00f5es<br \/>Not\u00edcias<br \/>Contato<\/p>\n<p>[\/et_pb_text][\/et_pb_column][et_pb_column type=&#8221;1_4&#8243; _builder_version=&#8221;4.20.4&#8243; _module_preset=&#8221;default&#8221; global_colors_info=&#8221;{}&#8221;][et_pb_text _builder_version=&#8221;4.20.4&#8243; _module_preset=&#8221;default&#8221; custom_margin=&#8221;|||-40px|false|false&#8221; custom_margin_tablet=&#8221;|||0px|false|false&#8221; custom_margin_phone=&#8221;|||0px|false|false&#8221; custom_margin_last_edited=&#8221;on|desktop&#8221; custom_padding=&#8221;|||0px|false|false&#8221; global_colors_info=&#8221;{}&#8221;]<\/p>\n<p><strong>LEGAL<\/strong><br \/>Termos e condi\u00e7\u00f5es<br \/>Pol\u00edtica de privacidade<br \/>Informa\u00e7\u00f5es sobre direitos autorais<br \/>Pol\u00edtica de cookies<br \/>Configura\u00e7\u00e3o de cookies<\/p>\n<p>[\/et_pb_text][\/et_pb_column][et_pb_column type=&#8221;1_4&#8243; _builder_version=&#8221;4.20.4&#8243; _module_preset=&#8221;default&#8221; global_colors_info=&#8221;{}&#8221;][et_pb_text _builder_version=&#8221;4.20.4&#8243; _module_preset=&#8221;default&#8221; text_font=&#8221;|600|||||||&#8221; custom_margin=&#8221;||10px|||&#8221; global_colors_info=&#8221;{}&#8221;]<\/p>\n<p><strong>REDE SOCIAL<\/strong><\/p>\n<p>[\/et_pb_text][et_pb_social_media_follow _builder_version=&#8221;4.20.4&#8243; _module_preset=&#8221;default&#8221; text_orientation=&#8221;left&#8221; custom_margin=&#8221;-6px||9px|||&#8221; global_colors_info=&#8221;{}&#8221;][et_pb_social_media_follow_network social_network=&#8221;linkedin&#8221; url=&#8221;https:\/\/www.linkedin.com\/company\/gpa-tranformando-vidas\/?viewAsMember=true&#8221; use_icon_font_size=&#8221;on&#8221; _builder_version=&#8221;4.20.4&#8243; _module_preset=&#8221;default&#8221; background_color=&#8221;#007bb6&#8243; box_shadow_style=&#8221;preset1&#8243; box_shadow_blur=&#8221;15px&#8221; global_colors_info=&#8221;{}&#8221; follow_button=&#8221;off&#8221; url_new_window=&#8221;on&#8221;]linkedin[\/et_pb_social_media_follow_network][\/et_pb_social_media_follow][et_pb_text _builder_version=&#8221;4.20.4&#8243; _module_preset=&#8221;default&#8221; text_font=&#8221;|600|||||||&#8221; custom_margin=&#8221;12px||10px|||&#8221; global_colors_info=&#8221;{}&#8221;]<\/p>\n<p><strong>IMPRENSA<\/strong><\/p>\n<p>[\/et_pb_text][et_pb_text _builder_version=&#8221;4.20.4&#8243; _module_preset=&#8221;default&#8221; text_font=&#8221;|600|||||||&#8221; custom_margin=&#8221;-4px||10px|||&#8221; global_colors_info=&#8221;{}&#8221;]<\/p>\n<p>imprensa@gpamg.com.br<\/p>\n<p>[\/et_pb_text][\/et_pb_column][\/et_pb_row][\/et_pb_section][et_pb_section fb_built=&#8221;1&#8243; _builder_version=&#8221;4.20.4&#8243; _module_preset=&#8221;default&#8221; background_color=&#8221;#dc8629&#8243; custom_padding=&#8221;5px||6px|||&#8221; global_colors_info=&#8221;{}&#8221;][et_pb_row _builder_version=&#8221;4.20.4&#8243; _module_preset=&#8221;default&#8221; custom_padding=&#8221;7px||8px|||&#8221; global_colors_info=&#8221;{}&#8221;][et_pb_column type=&#8221;4_4&#8243; _builder_version=&#8221;4.20.4&#8243; _module_preset=&#8221;default&#8221; global_colors_info=&#8221;{}&#8221;][et_pb_text _builder_version=&#8221;4.20.4&#8243; _module_preset=&#8221;default&#8221; text_font=&#8221;|600|||||||&#8221; text_text_color=&#8221;#FFFFFF&#8221; text_orientation=&#8221;center&#8221; global_colors_info=&#8221;{}&#8221;]<\/p>\n<p>Copyright <span>\u00ae<\/span> 2023. GPA. Todos os direitos reservados.<\/p>\n<p>[\/et_pb_text][\/et_pb_column][\/et_pb_row][\/et_pb_section]<\/p>\n","protected":false},"excerpt":{"rendered":"<p>Contatos da GPARodovia para Bras\u00edlia, 109 Ribeir\u00e3o das Neves, MG, Brasil31 3117-5050 atendimentosocial@gpamg.com.brclique e conhe\u00e7a as oportunidadesCONTE\u00daDOO que fazemosComplianceInforma\u00e7\u00f5esNot\u00edciasContatoLEGALTermos e condi\u00e7\u00f5esPol\u00edtica de privacidadeInforma\u00e7\u00f5es sobre direitos autoraisPol\u00edtica de cookiesConfigura\u00e7\u00e3o de cookiesREDE SOCIALIMPRENSAimprensa@gpamg.com.brCopyright \u00ae 2023. GPA. Todos os direitos reservados.<\/p>\n","protected":false},"author":1,"featured_media":0,"parent":0,"menu_order":0,"comment_status":"closed","ping_status":"closed","template":"","meta":{"_et_pb_use_builder":"on","_et_pb_old_content":"","_et_gb_content_width":"","footnotes":""},"class_list":["post-207","page","type-page","status-publish","hentry"],"yoast_head":"<!-- This site is optimized with the Yoast SEO plugin v27.5 - https:\/\/yoast.com\/product\/yoast-seo-wordpress\/ -->\n<title>CONTATO - GPA PPP<\/title>\n<meta name=\"robots\" content=\"noindex, follow, max-snippet:-1, max-image-preview:large, max-video-preview:-1\" \/>\n<meta property=\"og:locale\" content=\"pt_BR\" \/>\n<meta property=\"og:type\" content=\"article\" \/>\n<meta property=\"og:title\" content=\"CONTATO - GPA PPP\" \/>\n<meta property=\"og:description\" content=\"Contatos da GPARodovia para Bras\u00edlia, 109 Ribeir\u00e3o das Neves, MG, Brasil31 3117-5050 atendimentosocial@gpamg.com.brclique e conhe\u00e7a as oportunidadesCONTE\u00daDOO que fazemosComplianceInforma\u00e7\u00f5esNot\u00edciasContatoLEGALTermos e condi\u00e7\u00f5esPol\u00edtica de privacidadeInforma\u00e7\u00f5es sobre direitos autoraisPol\u00edtica de cookiesConfigura\u00e7\u00e3o de cookiesREDE SOCIALIMPRENSAimprensa@gpamg.com.brCopyright \u00ae 2023. GPA. Todos os direitos reservados.\" \/>\n<meta property=\"og:url\" content=\"https:\/\/l5com.com.br\/gpa\/contato-2\/\" \/>\n<meta property=\"og:site_name\" content=\"GPA PPP\" \/>\n<meta property=\"article:modified_time\" content=\"2023-07-16T15:53:24+00:00\" \/>\n<meta name=\"twitter:card\" content=\"summary_large_image\" \/>\n<script type=\"application\/ld+json\" class=\"yoast-schema-graph\">{\"@context\":\"https:\\\/\\\/schema.org\",\"@graph\":[{\"@type\":\"WebPage\",\"@id\":\"https:\\\/\\\/l5com.com.br\\\/gpa\\\/contato-2\\\/\",\"url\":\"https:\\\/\\\/l5com.com.br\\\/gpa\\\/contato-2\\\/\",\"name\":\"CONTATO - GPA PPP\",\"isPartOf\":{\"@id\":\"https:\\\/\\\/l5com.com.br\\\/gpa\\\/#website\"},\"datePublished\":\"2023-06-30T00:47:58+00:00\",\"dateModified\":\"2023-07-16T15:53:24+00:00\",\"breadcrumb\":{\"@id\":\"https:\\\/\\\/l5com.com.br\\\/gpa\\\/contato-2\\\/#breadcrumb\"},\"inLanguage\":\"pt-BR\",\"potentialAction\":[{\"@type\":\"ReadAction\",\"target\":[\"https:\\\/\\\/l5com.com.br\\\/gpa\\\/contato-2\\\/\"]}]},{\"@type\":\"BreadcrumbList\",\"@id\":\"https:\\\/\\\/l5com.com.br\\\/gpa\\\/contato-2\\\/#breadcrumb\",\"itemListElement\":[{\"@type\":\"ListItem\",\"position\":1,\"name\":\"Home\",\"item\":\"https:\\\/\\\/l5com.com.br\\\/gpa\\\/\"},{\"@type\":\"ListItem\",\"position\":2,\"name\":\"CONTATO\"}]},{\"@type\":\"WebSite\",\"@id\":\"https:\\\/\\\/l5com.com.br\\\/gpa\\\/#website\",\"url\":\"https:\\\/\\\/l5com.com.br\\\/gpa\\\/\",\"name\":\"GPA PPP\",\"description\":\"\",\"potentialAction\":[{\"@type\":\"SearchAction\",\"target\":{\"@type\":\"EntryPoint\",\"urlTemplate\":\"https:\\\/\\\/l5com.com.br\\\/gpa\\\/?s={search_term_string}\"},\"query-input\":{\"@type\":\"PropertyValueSpecification\",\"valueRequired\":true,\"valueName\":\"search_term_string\"}}],\"inLanguage\":\"pt-BR\"}]}<\/script>\n<!-- \/ Yoast SEO plugin. -->","yoast_head_json":{"title":"CONTATO - GPA PPP","robots":{"index":"noindex","follow":"follow","max-snippet":"max-snippet:-1","max-image-preview":"max-image-preview:large","max-video-preview":"max-video-preview:-1"},"og_locale":"pt_BR","og_type":"article","og_title":"CONTATO - GPA PPP","og_description":"Contatos da GPARodovia para Bras\u00edlia, 109 Ribeir\u00e3o das Neves, MG, Brasil31 3117-5050 atendimentosocial@gpamg.com.brclique e conhe\u00e7a as oportunidadesCONTE\u00daDOO que fazemosComplianceInforma\u00e7\u00f5esNot\u00edciasContatoLEGALTermos e condi\u00e7\u00f5esPol\u00edtica de privacidadeInforma\u00e7\u00f5es sobre direitos autoraisPol\u00edtica de cookiesConfigura\u00e7\u00e3o de cookiesREDE SOCIALIMPRENSAimprensa@gpamg.com.brCopyright \u00ae 2023. GPA. Todos os direitos reservados.","og_url":"https:\/\/l5com.com.br\/gpa\/contato-2\/","og_site_name":"GPA PPP","article_modified_time":"2023-07-16T15:53:24+00:00","twitter_card":"summary_large_image","schema":{"@context":"https:\/\/schema.org","@graph":[{"@type":"WebPage","@id":"https:\/\/l5com.com.br\/gpa\/contato-2\/","url":"https:\/\/l5com.com.br\/gpa\/contato-2\/","name":"CONTATO - GPA PPP","isPartOf":{"@id":"https:\/\/l5com.com.br\/gpa\/#website"},"datePublished":"2023-06-30T00:47:58+00:00","dateModified":"2023-07-16T15:53:24+00:00","breadcrumb":{"@id":"https:\/\/l5com.com.br\/gpa\/contato-2\/#breadcrumb"},"inLanguage":"pt-BR","potentialAction":[{"@type":"ReadAction","target":["https:\/\/l5com.com.br\/gpa\/contato-2\/"]}]},{"@type":"BreadcrumbList","@id":"https:\/\/l5com.com.br\/gpa\/contato-2\/#breadcrumb","itemListElement":[{"@type":"ListItem","position":1,"name":"Home","item":"https:\/\/l5com.com.br\/gpa\/"},{"@type":"ListItem","position":2,"name":"CONTATO"}]},{"@type":"WebSite","@id":"https:\/\/l5com.com.br\/gpa\/#website","url":"https:\/\/l5com.com.br\/gpa\/","name":"GPA PPP","description":"","potentialAction":[{"@type":"SearchAction","target":{"@type":"EntryPoint","urlTemplate":"https:\/\/l5com.com.br\/gpa\/?s={search_term_string}"},"query-input":{"@type":"PropertyValueSpecification","valueRequired":true,"valueName":"search_term_string"}}],"inLanguage":"pt-BR"}]}},"_links":{"self":[{"href":"https:\/\/l5com.com.br\/gpa\/wp-json\/wp\/v2\/pages\/207","targetHints":{"allow":["GET"]}}],"collection":[{"href":"https:\/\/l5com.com.br\/gpa\/wp-json\/wp\/v2\/pages"}],"about":[{"href":"https:\/\/l5com.com.br\/gpa\/wp-json\/wp\/v2\/types\/page"}],"author":[{"embeddable":true,"href":"https:\/\/l5com.com.br\/gpa\/wp-json\/wp\/v2\/users\/1"}],"replies":[{"embeddable":true,"href":"https:\/\/l5com.com.br\/gpa\/wp-json\/wp\/v2\/comments?post=207"}],"version-history":[{"count":5,"href":"https:\/\/l5com.com.br\/gpa\/wp-json\/wp\/v2\/pages\/207\/revisions"}],"predecessor-version":[{"id":27565,"href":"https:\/\/l5com.com.br\/gpa\/wp-json\/wp\/v2\/pages\/207\/revisions\/27565"}],"wp:attachment":[{"href":"https:\/\/l5com.com.br\/gpa\/wp-json\/wp\/v2\/media?parent=207"}],"curies":[{"name":"wp","href":"https:\/\/api.w.org\/{rel}","templated":true}]}}